{"id":7,"date":"2009-10-22T14:06:27","date_gmt":"2009-10-22T13:06:27","guid":{"rendered":"http:\/\/fvr.klarblick.org\/?page_id=7"},"modified":"2016-09-22T20:28:57","modified_gmt":"2016-09-22T19:28:57","slug":"mitgliedschaft","status":"publish","type":"page","link":"http:\/\/fv-grundschule-niederheide.de\/?page_id=7","title":{"rendered":"Mitgliedschaft und Spenden"},"content":{"rendered":"<p>Werden Sie ein Freund und F\u00f6rderer der Grundschule Niederheide und treten Sie dem F\u00f6rderverein bei.<br \/>\nDen Aufnahmeantrag und die Satzung finden Sie hier:<\/p>\n<ul>\n<li><a title=\"Aufnahmeantrag\" href=\"http:\/\/fv-grundschule-niederheide.de\/fufgn\/wp-content\/uploads\/2015\/05\/Aufnahmeantrag_2015-05-11.pdf\">Aufnahmeantrag.pdf<\/a><\/li>\n<li><a title=\"Satzung des F\u00f6rdervereins in der g\u00fcltigen Fassung vom 22. Dezember 2014\" href=\"http:\/\/fv-grundschule-niederheide.de\/fufgn\/wp-content\/uploads\/2015\/05\/Satzung_2014-12-22.pdf\">Satzung.pdf<\/a><\/li>\n<\/ul>\n<p>Der j\u00e4hrliche Mindestbeitrag betr\u00e4gt 18 Euro.<\/p>\n<p>Sie k\u00f6nnen unsere Schule aber auch durch eine Spende unterst\u00fctzen.<br \/>\nF\u00fcr Zahlungen unter 200 Euro gen\u00fcgt der Bankbeleg als Nachweis beim Finanzamt.<br \/>\nAb einem Beitrag von 200 Euro erhalten Sie eine Spendenquittung.<\/p>\n<p><em>Bankverbindung<\/em><\/p>\n<table border=\"0\">\n<tbody>\n<tr>\n<td>Kontoinhaber<\/td>\n<td>Freunde und F\u00f6rderer der Grundschule Niederheide<\/td>\n<\/tr>\n<tr>\n<td>IBAN<\/td>\n<td>DE70 1605 0000 3704 0114 19<\/td>\n<\/tr>\n<tr>\n<td>SWIFT_BIC<\/td>\n<td>WELADED1PMB (Mittelbrandenburgische Sparkasse)<\/td>\n<\/tr>\n<\/tbody>\n<\/table>\n<p>[print_link]<\/p>\n","protected":false},"excerpt":{"rendered":"<p>Werden Sie ein Freund und F\u00f6rderer der Grundschule Niederheide und treten Sie dem F\u00f6rderverein bei. Den Aufnahmeantrag und die Satzung finden Sie hier: Aufnahmeantrag.pdf Satzung.pdf Der j\u00e4hrliche Mindestbeitrag betr\u00e4gt 18 Euro. Sie k\u00f6nnen unsere Schule aber auch durch eine Spende unterst\u00fctzen. F\u00fcr Zahlungen unter 200 Euro gen\u00fcgt der Bankbeleg als Nachweis beim Finanzamt. Ab einem [&hellip;]<\/p>\n","protected":false},"author":2,"featured_media":0,"parent":0,"menu_order":1,"comment_status":"closed","ping_status":"closed","template":"","meta":{"ngg_post_thumbnail":0},"_links":{"self":[{"href":"http:\/\/fv-grundschule-niederheide.de\/index.php?rest_route=\/wp\/v2\/pages\/7"}],"collection":[{"href":"http:\/\/fv-grundschule-niederheide.de\/index.php?rest_route=\/wp\/v2\/pages"}],"about":[{"href":"http:\/\/fv-grundschule-niederheide.de\/index.php?rest_route=\/wp\/v2\/types\/page"}],"author":[{"embeddable":true,"href":"http:\/\/fv-grundschule-niederheide.de\/index.php?rest_route=\/wp\/v2\/users\/2"}],"replies":[{"embeddable":true,"href":"http:\/\/fv-grundschule-niederheide.de\/index.php?rest_route=%2Fwp%2Fv2%2Fcomments&post=7"}],"version-history":[{"count":32,"href":"http:\/\/fv-grundschule-niederheide.de\/index.php?rest_route=\/wp\/v2\/pages\/7\/revisions"}],"predecessor-version":[{"id":1372,"href":"http:\/\/fv-grundschule-niederheide.de\/index.php?rest_route=\/wp\/v2\/pages\/7\/revisions\/1372"}],"wp:attachment":[{"href":"http:\/\/fv-grundschule-niederheide.de\/index.php?rest_route=%2Fwp%2Fv2%2Fmedia&parent=7"}],"curies":[{"name":"wp","href":"https:\/\/api.w.org\/{rel}","templated":true}]}}