{"id":63,"date":"2009-11-03T02:52:41","date_gmt":"2009-11-03T01:52:41","guid":{"rendered":"http:\/\/fvr.klarblick.org\/?page_id=63"},"modified":"2021-03-19T18:49:47","modified_gmt":"2021-03-19T17:49:47","slug":"mazene","status":"publish","type":"page","link":"http:\/\/fv-grundschule-niederheide.de\/?page_id=63","title":{"rendered":"Termine"},"content":{"rendered":"\n<div class=\"wp-block-columns is-layout-flex wp-container-3\">\n<div class=\"wp-block-column is-layout-flow\" style=\"flex-basis:100%\">\n<div class=\"wp-block-group\"><div class=\"wp-block-group__inner-container is-layout-flow\">\n<table style=\"table-layout: fixed;\" border=\"0\">\n<tbody>\n<tr>\n<td style=\"width: 120px;\">27. April 2021<\/td>\n<td>Ordentliche Mitgliederversammlung des F\u00f6rdervereins<br>Wo: 19 Uhr per online Konferenz<br>Wer: alle Mitglieder des F\u00f6rdervereins sind herzlich eingeladen<\/td>\n<\/tr>\n<tr>\n<td>14. November 2020<\/td>\n<td>-ABGESAGT- 6. Spielzeugbasar in der Turnhalle der Grundschule Niederheide, 10-12:30 Uhr<\/td>\n<\/tr>\n<tr>\n<td>23. April 2020<\/td>\n<td>Ordentliche Mitgliederversammlung des F\u00f6rdervereins<br>Wo: 19 Uhr Bel Paese<br>Wer: alle Mitglieder des F\u00f6rdervereins sind herzlich eingeladen<\/td>\n<\/tr>\n<tr>\n<td>29. M\u00e4rz 2020<\/td>\n<td>-ABGESAGT- 11. Hohen Neuendorfer Fahrradmarkt in der Turnhalle der Grundschule Niederheide<\/td>\n<\/tr>\n<tr>\n<td>03. M\u00e4rz 2020<\/td>\n<td>Vorbereitungs-Treffen zum 11. Hohen Neuendorfer Fahrradmarkt<br>Wo: 19 Uhr Bel Paese<br>Wer: alle Mitglieder des F\u00f6rdervereins sind herzlich eingeladen<\/td>\n<\/tr>\n<tr>\n<td>11. Februar 2020<\/td>\n<td>Stammtisch-Treffen<br>Wo: 19 Uhr Bel Paese<br>Wer: alle Mitglieder des F\u00f6rdervereins sind herzlich eingeladen<\/td>\n<\/tr>\n<tr>\n<td>16. November 2019<\/td>\n<td>5. Spielzeugbasar in der Turnhalle der Grundschule Niederheide, 10-12:30 Uhr<\/td>\n<\/tr>\n<tr>\n<td>17. September 2019<\/td>\n<td>Stammtisch<br>Wo: 19 Uhr Bel Paese<br>Wer: alle Mitglieder des F\u00f6rdervereins sind herzlich eingeladen<\/td>\n<\/tr>\n<tr>\n<td>30. April 2019<\/td>\n<td>Ordentliche Mitgliederversammlung des F\u00f6rdervereins<\/td>\n<\/tr>\n<tr>\n<td>07. April 2019<\/td>\n<td>10. Hohen Neuendorfer Fahrradmarkt in der Turnhalle der Grundschule Niederheide<\/td>\n<\/tr>\n<tr>\n<td>26. Februar 2019<\/td>\n<td>Stammtisch und Vorbereitung Fahrradmarkt 2019<br>Wo: 19 Uhr Bel Paese<br>Wer: alle Mitglieder des F\u00f6rdervereins sind herzlich eingeladen<\/td>\n<\/tr>\n<tr>\n<td>08. Januar 2019<\/td>\n<td>Stammtisch und Vorbereitung Fahrradmarkt 2019<br>Wo: 19 Uhr Bel Paese<br>Wer: alle Mitglieder des F\u00f6rdervereins sind herzlich eingeladen<\/td>\n<\/tr>\n<tr>\n<td>18. November 2018<\/td>\n<td>4. Spielzeugbasar in der Turnhalle der Grundschule Niederheide, 10-12:30 Uhr<\/td>\n<\/tr>\n<tr>\n<td>15. September 2018<\/td>\n<td>Mini Marathon Berlin<\/td>\n<\/tr>\n<tr>\n<td>11. September 2018<\/td>\n<td>FuF-Treffen zur Schuljahresplanung 2018\/19<br>Wo: 19 Uhr Bel Paese<br>Wer: alle Mitglieder des F\u00f6rdervereins sind herzlich eingeladen<\/td>\n<\/tr>\n<tr>\n<td>18. August 2018<\/td>\n<td>Einschulung, 10 Uhr<\/td>\n<\/tr>\n<tr>\n<td>3. Juli 2018<\/td>\n<td>Verabschiedung 6. Klassen<\/td>\n<\/tr>\n<tr>\n<td>6. Juni 2018<\/td>\n<td>Elternversammlung f\u00fcr Einsch\u00fcler<\/td>\n<\/tr>\n<tr>\n<td>Mai 2018<\/td>\n<td>Autoren-Vorlesetag<\/td>\n<\/tr>\n<tr>\n<td>17. April 2018<\/td>\n<td>Ordentliche Mitgliederversammlung des F\u00f6rdervereins<\/td>\n<\/tr>\n<tr>\n<td>17. M\u00e4rz 2018<\/td>\n<td>9. Hohen Neuendorfer Fahrradmarkt in der Turnhalle der Grundschule Niederheide<\/td>\n<\/tr>\n<tr>\n<td>19. November 2017<\/td>\n<td>3. Spielzeugbasar in der Turnhalle der Grundschule Niederheide, 10-12:30 Uhr<\/td>\n<\/tr>\n<tr>\n<td>23. September 2017<\/td>\n<td>Mini-Marathon<\/td>\n<\/tr>\n<tr>\n<td>02. September 2017<\/td>\n<td>Einschulung, 10 Uhr<\/td>\n<\/tr>\n<tr>\n<td>25. April 2017<\/td>\n<td>Ordentliche Mitgliederversammlung des F\u00f6rdervereins<\/td>\n<\/tr>\n<tr>\n<td>01. April 2017<\/td>\n<td>8. Hohen Neuendorfer Fahrradmarkt in der Turnhalle der Grundschule Niederheide<\/td>\n<\/tr>\n<\/tbody>\n<\/table>\n<p>[print_link]<\/p>\n<\/div><\/div>\n<\/div>\n<\/div>\n","protected":false},"excerpt":{"rendered":"<p>27. April 2021 Ordentliche Mitgliederversammlung des F\u00f6rdervereinsWo: 19 Uhr per online KonferenzWer: alle Mitglieder des F\u00f6rdervereins sind herzlich eingeladen 14. November 2020 -ABGESAGT- 6. Spielzeugbasar in der Turnhalle der Grundschule Niederheide, 10-12:30 Uhr 23. April 2020 Ordentliche Mitgliederversammlung des F\u00f6rdervereinsWo: 19 Uhr Bel PaeseWer: alle Mitglieder des F\u00f6rdervereins sind herzlich eingeladen 29. M\u00e4rz 2020 -ABGESAGT- [&hellip;]<\/p>\n","protected":false},"author":2,"featured_media":0,"parent":0,"menu_order":3,"comment_status":"closed","ping_status":"closed","template":"","meta":{"ngg_post_thumbnail":0},"_links":{"self":[{"href":"http:\/\/fv-grundschule-niederheide.de\/index.php?rest_route=\/wp\/v2\/pages\/63"}],"collection":[{"href":"http:\/\/fv-grundschule-niederheide.de\/index.php?rest_route=\/wp\/v2\/pages"}],"about":[{"href":"http:\/\/fv-grundschule-niederheide.de\/index.php?rest_route=\/wp\/v2\/types\/page"}],"author":[{"embeddable":true,"href":"http:\/\/fv-grundschule-niederheide.de\/index.php?rest_route=\/wp\/v2\/users\/2"}],"replies":[{"embeddable":true,"href":"http:\/\/fv-grundschule-niederheide.de\/index.php?rest_route=%2Fwp%2Fv2%2Fcomments&post=63"}],"version-history":[{"count":105,"href":"http:\/\/fv-grundschule-niederheide.de\/index.php?rest_route=\/wp\/v2\/pages\/63\/revisions"}],"predecessor-version":[{"id":1572,"href":"http:\/\/fv-grundschule-niederheide.de\/index.php?rest_route=\/wp\/v2\/pages\/63\/revisions\/1572"}],"wp:attachment":[{"href":"http:\/\/fv-grundschule-niederheide.de\/index.php?rest_route=%2Fwp%2Fv2%2Fmedia&parent=63"}],"curies":[{"name":"wp","href":"https:\/\/api.w.org\/{rel}","templated":true}]}}