{"id":474,"date":"2010-04-16T09:43:37","date_gmt":"2010-04-16T08:43:37","guid":{"rendered":"http:\/\/fv-roteschule.de\/?page_id=474"},"modified":"2016-09-24T19:53:58","modified_gmt":"2016-09-24T18:53:58","slug":"lageplan","status":"publish","type":"page","link":"http:\/\/fv-grundschule-niederheide.de\/?page_id=474","title":{"rendered":"Projekte"},"content":{"rendered":"<p>Der F\u00f6rderverein finanziert sich aus<\/p>\n<ul>\n<li>Mitgliedsbeitr\u00e4gen<\/li>\n<li>Spenden<\/li>\n<li>Einnahmen aus Veranstaltungen wie den Fahrradmarkt, Kinderflohmarkt, Spielzeugbasar.<\/li>\n<\/ul>\n<p>Damit unterst\u00fctzten wir verschiedene Aktionen der Schule &#8211; regelm\u00e4\u00dfig oder Projekt-bezogen.<\/p>\n<table style=\"table-layout: fixed; height: 300px;\" border=\"0\" width=\"520\">\n<tbody>\n<tr>\n<td style=\"width: 80px;\">Projekte:<\/td>\n<td>\n<ul>\n<li>Anteil des FV an der Mosaikblume auf dem Schulhof<\/li>\n<li>Ausstattung Theater-AG mit Licht &amp; B\u00fchne sowie einem\u00a0mobilen Theater-Vorhang<\/li>\n<li>Ausstattung der Bienen-AG mit einem Ger\u00e4tehaus &#8222;Bienenhaus&#8220;<\/li>\n<\/ul>\n<\/td>\n<\/tr>\n<tr>\n<td>J\u00e4hrlich:<\/td>\n<td>\n<ul>\n<li>Unterst\u00fctzung von Schulfesten (z.B. das 10-j\u00e4hrige Schuljubil\u00e4um)<\/li>\n<li>T-Shirts zum Minimarathon<\/li>\n<li>USB Sticks als Dankesch\u00f6n f\u00fcr die Sch\u00fclerlotsen<\/li>\n<li>Wabenaktion im Foyer der Schule f\u00fcr alle abgehenden 6. Klassen<\/li>\n<li>Willkommensstand zur Einschulung<\/li>\n<\/ul>\n<\/td>\n<\/tr>\n<\/tbody>\n<\/table>\n<p>[print_link]<\/p>\n","protected":false},"excerpt":{"rendered":"<p>Der F\u00f6rderverein finanziert sich aus Mitgliedsbeitr\u00e4gen Spenden Einnahmen aus Veranstaltungen wie den Fahrradmarkt, Kinderflohmarkt, Spielzeugbasar. Damit unterst\u00fctzten wir verschiedene Aktionen der Schule &#8211; regelm\u00e4\u00dfig oder Projekt-bezogen. Projekte: Anteil des FV an der Mosaikblume auf dem Schulhof Ausstattung Theater-AG mit Licht &amp; B\u00fchne sowie einem\u00a0mobilen Theater-Vorhang Ausstattung der Bienen-AG mit einem Ger\u00e4tehaus &#8222;Bienenhaus&#8220; J\u00e4hrlich: Unterst\u00fctzung von [&hellip;]<\/p>\n","protected":false},"author":2,"featured_media":0,"parent":0,"menu_order":2,"comment_status":"closed","ping_status":"closed","template":"","meta":{"ngg_post_thumbnail":0},"_links":{"self":[{"href":"http:\/\/fv-grundschule-niederheide.de\/index.php?rest_route=\/wp\/v2\/pages\/474"}],"collection":[{"href":"http:\/\/fv-grundschule-niederheide.de\/index.php?rest_route=\/wp\/v2\/pages"}],"about":[{"href":"http:\/\/fv-grundschule-niederheide.de\/index.php?rest_route=\/wp\/v2\/types\/page"}],"author":[{"embeddable":true,"href":"http:\/\/fv-grundschule-niederheide.de\/index.php?rest_route=\/wp\/v2\/users\/2"}],"replies":[{"embeddable":true,"href":"http:\/\/fv-grundschule-niederheide.de\/index.php?rest_route=%2Fwp%2Fv2%2Fcomments&post=474"}],"version-history":[{"count":43,"href":"http:\/\/fv-grundschule-niederheide.de\/index.php?rest_route=\/wp\/v2\/pages\/474\/revisions"}],"predecessor-version":[{"id":1386,"href":"http:\/\/fv-grundschule-niederheide.de\/index.php?rest_route=\/wp\/v2\/pages\/474\/revisions\/1386"}],"wp:attachment":[{"href":"http:\/\/fv-grundschule-niederheide.de\/index.php?rest_route=%2Fwp%2Fv2%2Fmedia&parent=474"}],"curies":[{"name":"wp","href":"https:\/\/api.w.org\/{rel}","templated":true}]}}