{"id":25,"date":"2009-11-03T01:11:23","date_gmt":"2009-11-03T00:11:23","guid":{"rendered":"http:\/\/fvr.klarblick.org\/?page_id=25"},"modified":"2018-05-20T09:09:31","modified_gmt":"2018-05-20T08:09:31","slug":"kontakt","status":"publish","type":"page","link":"http:\/\/fv-grundschule-niederheide.de\/?page_id=25","title":{"rendered":"Kontakt"},"content":{"rendered":"<p>Wir sind dankbar f\u00fcr Ihre Kritik, Fragen, R\u00fcckmeldungen und Anregungen.<\/p>\n<p><em>Vorstand<\/em><br \/>\nAnett Tamm<br \/>\nSina Vigano (stellv. Vorsitzende)<br \/>\nHolger Kloo\u00df (stellv. Vorsitzender und Schatzmeister)<br \/>\nGuido Hack (Kassenpr\u00fcfer)<\/p>\n<p>&nbsp;<\/p>\n<p>[print_link]<br \/>\n[donotprint]<\/p>\n<hr \/>\n<p>\n\n<!-- Fast Secure Contact Form plugin 4.0.52 - begin - FastSecureContactForm.com -->\r\n<div style=\"clear:both;\"><\/div>\nF\u00fcr Mitteilungen oder Anfragen an den F\u00f6rderverein k\u00f6nnen Sie das folgende Kontaktformular nutzen.\r\n<div id=\"FSContact1\" style=\"width:375px;\">\r\n<form action=\"http:\/\/fv-grundschule-niederheide.de\/index.php?rest_route=%2Fwp%2Fv2%2Fpages%2F25#FSContact1\" id=\"fscf_form1\" method=\"post\">\r\n\n<div id=\"fscf_div_clear1_0\" style=\"clear:both;\">\n  <div id=\"fscf_div_field1_0\" style=\"clear:left; float:left; width:99%; max-width:550px; margin-right:10px;\">\r\n    <div style=\"text-align:left; padding-top:10px;\">\n      <label style=\"text-align:left;\" for=\"fscf_name1\">Mein Name<\/label>\n    <\/div>\r\n    <div style=\"text-align:left;\">\r\n      <input style=\"text-align:left;\" type=\"text\" id=\"fscf_name1\" name=\"full_name\" value=\"\"  aria-required=\"true\"  \/>\r\n    <\/div>\r\n  <\/div>\n<\/div>\n\n<div id=\"fscf_div_clear1_1\" style=\"clear:both;\">\n  <div id=\"fscf_div_field1_1\" style=\"clear:left; float:left; width:99%; max-width:550px; margin-right:10px;\">\n    <div style=\"text-align:left; padding-top:10px;\">\n      <label style=\"text-align:left;\" for=\"fscf_email1\">Meine Email-Adresse<\/label>\n    <\/div>\n    <div style=\"text-align:left;\">\n      <input style=\"text-align:left;\" type=\"text\" id=\"fscf_email1\" name=\"email\" value=\"\"  aria-required=\"true\"  \/>\n    <\/div>\n  <\/div>\n<\/div>\n\n<div id=\"fscf_div_clear1_3\" style=\"clear:both;\">\n  <div id=\"fscf_div_field1_3\" style=\"clear:left; float:left; width:99%; max-width:550px; margin-right:10px;\">\n    <div style=\"text-align:left; padding-top:10px;\">\n      <label style=\"text-align:left;\" for=\"fscf_field1_3\">Nachricht<\/label>\n    <\/div>\n    <div style=\"text-align:left;\">\n      <textarea style=\"text-align:left; margin:0; width:99%; max-width:250px; height:120px;\" id=\"fscf_field1_3\" name=\"message\" cols=\"30\" rows=\"10\"  aria-required=\"true\" ><\/textarea>\n    <\/div>\n  <\/div>\n<\/div>\n\n<div id=\"fscf_div_clear1_4\" style=\"clear:both;\">\n  <div id=\"fscf_div_field1_4\" style=\"clear:left; float:left; width:99%; max-width:550px; margin-right:10px;\">\n    <div  id=\"fscf_label1_4\" style=\"text-align:left; padding-top:10px;\">\r\n      <label style=\"text-align:left;\" for=\"fscf_field1_4\">Meine Telefonnummer (optional)<\/label>\n    <\/div>\n    <div style=\"text-align:left;\">\n      <input style=\"text-align:left;\" type=\"text\" id=\"fscf_field1_4\" name=\"meine-telefonnummer-optional\" value=\"\"  aria-required=\"true\"  \/>\n    <\/div>\n  <\/div>\n<\/div>\r\n<div style=\"clear:both;\"><\/div>\n\n<div style=\"text-align:left; padding-top:10px;\">\n<\/div>\n<div id=\"fscf_captcha_image_div1\" style=\"width: 250px; height: 65px; padding-top:5px;\">\n      <img id=\"fscf_captcha_image1\" style=\"border-style:none; margin:0; padding:0px; padding-right:5px; float:left;\" src=\"http:\/\/fv-grundschule-niederheide.de\/fufgn\/wp-content\/plugins\/si-contact-form\/captcha\/securimage_show.php?prefix=fFWzEuR0I1E38UAV\" width=\"175\" height=\"60\" alt=\"CAPTCHA\" title=\"CAPTCHA\" \/>\n      <input id=\"fscf_captcha_prefix1\" type=\"hidden\" name=\"fscf_captcha_prefix1\" value=\"fFWzEuR0I1E38UAV\" \/>\n     <div id=\"fscf_captcha_refresh1\">\n        <a href=\"#\" rel=\"nofollow\" title=\"Refresh\" onclick=\"fscf_captcha_refresh('1','\/fufgn\/wp-content\/plugins\/si-contact-form\/captcha','http:\/\/fv-grundschule-niederheide.de\/fufgn\/wp-content\/plugins\/si-contact-form\/captcha\/securimage_show.php?prefix='); return false;\">\n        <img src=\"http:\/\/fv-grundschule-niederheide.de\/fufgn\/wp-content\/plugins\/si-contact-form\/captcha\/images\/refresh.png\" width=\"22\" height=\"20\" alt=\"Refresh\" style=\"border-style:none; margin:0; padding:0px; vertical-align:bottom;\" onclick=\"this.blur();\" \/><\/a>\r\n     <\/div>\r\n<\/div>\r\n\r\n<div id=\"fscf_captcha_field1\" style=\"text-align:left; padding-top:10px;\">\r\n     <label style=\"text-align:left;\" for=\"fscf_captcha_code1\">CAPTCHA Code:<\/label>\r\n<\/div>\r\n<div style=\"text-align:left;\">\n     <input style=\"text-align:left; margin:0; width:50px;\" type=\"text\" value=\"\" autocomplete=\"off\" id=\"fscf_captcha_code1\" name=\"captcha_code\"  aria-required=\"true\"  \/>\n<\/div>\n\n<div id=\"fscf_submit_div1\" style=\"text-align:left; padding-top:5px; clear:both;\">\r\n\t\t<input type=\"submit\" id=\"fscf_submit1\" style=\"margin 0;\" value=\"senden\"  onclick=\"this.disabled=true; this.value='Submitting...'; this.form.submit();\" \/> \n<\/div>\n\n<input type=\"hidden\" name=\"fscf_submitted\" value=\"0\" \/>\n<input type=\"hidden\" name=\"fs_postonce_1\" value=\"5f710b59655e969338318c22d07f004b,1777696461\" \/>\n<input type=\"hidden\" name=\"si_contact_action\" value=\"send\" \/>\n<input type=\"hidden\" name=\"form_id\" value=\"1\" \/>\n<input type=\"hidden\" name=\"mailto_id\" value=\"1\" \/>\n\n<\/form>\n<\/div>\r\n<div style=\"clear:both;\"><\/div>\n\n<!-- Fast Secure Contact Form plugin 4.0.52 - end - FastSecureContactForm.com -->\n<br \/>\nWas ist ein <a title=\"CAPTCHA\" href=\"http:\/\/de.wikipedia.org\/wiki\/Captcha\" target=\"_blank\">CAPTCHA<\/a>?<br \/>\n[\/donotprint]<\/p>\n","protected":false},"excerpt":{"rendered":"<p>Wir sind dankbar f\u00fcr Ihre Kritik, Fragen, R\u00fcckmeldungen und Anregungen. Vorstand Anett Tamm Sina Vigano (stellv. Vorsitzende) Holger Kloo\u00df (stellv. Vorsitzender und Schatzmeister) Guido Hack (Kassenpr\u00fcfer) &nbsp; [print_link] [donotprint] Was ist ein CAPTCHA? [\/donotprint]<\/p>\n","protected":false},"author":2,"featured_media":0,"parent":0,"menu_order":4,"comment_status":"closed","ping_status":"closed","template":"","meta":{"ngg_post_thumbnail":0},"_links":{"self":[{"href":"http:\/\/fv-grundschule-niederheide.de\/index.php?rest_route=\/wp\/v2\/pages\/25"}],"collection":[{"href":"http:\/\/fv-grundschule-niederheide.de\/index.php?rest_route=\/wp\/v2\/pages"}],"about":[{"href":"http:\/\/fv-grundschule-niederheide.de\/index.php?rest_route=\/wp\/v2\/types\/page"}],"author":[{"embeddable":true,"href":"http:\/\/fv-grundschule-niederheide.de\/index.php?rest_route=\/wp\/v2\/users\/2"}],"replies":[{"embeddable":true,"href":"http:\/\/fv-grundschule-niederheide.de\/index.php?rest_route=%2Fwp%2Fv2%2Fcomments&post=25"}],"version-history":[{"count":115,"href":"http:\/\/fv-grundschule-niederheide.de\/index.php?rest_route=\/wp\/v2\/pages\/25\/revisions"}],"predecessor-version":[{"id":1483,"href":"http:\/\/fv-grundschule-niederheide.de\/index.php?rest_route=\/wp\/v2\/pages\/25\/revisions\/1483"}],"wp:attachment":[{"href":"http:\/\/fv-grundschule-niederheide.de\/index.php?rest_route=%2Fwp%2Fv2%2Fmedia&parent=25"}],"curies":[{"name":"wp","href":"https:\/\/api.w.org\/{rel}","templated":true}]}}