{"id":198,"date":"2010-01-15T15:09:03","date_gmt":"2010-01-15T14:09:03","guid":{"rendered":"http:\/\/fv-roteschule.de\/?page_id=198"},"modified":"2016-09-22T20:08:08","modified_gmt":"2016-09-22T19:08:08","slug":"verein","status":"publish","type":"page","link":"http:\/\/fv-grundschule-niederheide.de\/?page_id=198","title":{"rendered":"Verein"},"content":{"rendered":"<p>Am 12. November 2009 wurde der F\u00f6rderverein unserer Schule gegr\u00fcndet. Der Zweck des Vereins ist die ideelle und materielle Unterst\u00fctzung der Bildung und Erziehung unserer Kinder. Seit dem Schul-Umzug im Sommer 2011 hei\u00dft er <em>Freunde und F\u00f6rderer der Grundschule Niederheide. <\/em>(Zuvor trug er den Namen <em>Freunde und F\u00f6rderer der Roten Schule<\/em>.) Er ist in das Vereinsregister des Amtsgerichtes Neuruppin unter der Registernummer VR 4098 NP eingetragen.<\/p>\n<p>Warum sollte jede Schule einen F\u00f6rderverein haben? Weil \u00f6ffentliche Schulen in Deutschland keine Gelder einnehmen d\u00fcrfen. Der Verein tritt als Mittler zwischen den Geldgebern und der Schule auf. Er finanziert sich durch Spenden, Einnahmen aus seinen Aktivit\u00e4ten und durch Mitgliedsbeitr\u00e4ge. Bitte unterst\u00fctzen Sie die Kinder unserer Schule und werden Sie Vereinsmitglied. Dies k\u00f6nnen Sie schon ab einem Jahresbeitrag von 18 Euro. Auf den Mitgliederversammlungen bestimmen Sie mit, welche Projekte der F\u00f6rderverein unterst\u00fctzt.<\/p>\n<p>Haben Sie eine eigene Firma? Dann k\u00f6nnen Sie die Schule mit der Schaltung eines Banners auf unserer Internetseite unterst\u00fctzen und gleichzeitig Werbung in eigener Sache machen. Sie m\u00f6chten dem Verein nicht beitreten, der Schule aber trotzdem finanzielle Zuwendungen zukommen lassen? Auch dies k\u00f6nnen Sie gerne tun und erhalten, gem\u00e4\u00df den gesetzlichen Bestimmungen, eine Spendenbescheinigung.<\/p>\n<p>[print_link]<\/p>\n","protected":false},"excerpt":{"rendered":"<p>Am 12. November 2009 wurde der F\u00f6rderverein unserer Schule gegr\u00fcndet. Der Zweck des Vereins ist die ideelle und materielle Unterst\u00fctzung der Bildung und Erziehung unserer Kinder. Seit dem Schul-Umzug im Sommer 2011 hei\u00dft er Freunde und F\u00f6rderer der Grundschule Niederheide. (Zuvor trug er den Namen Freunde und F\u00f6rderer der Roten Schule.) Er ist in das [&hellip;]<\/p>\n","protected":false},"author":2,"featured_media":0,"parent":0,"menu_order":0,"comment_status":"open","ping_status":"closed","template":"","meta":{"ngg_post_thumbnail":0},"_links":{"self":[{"href":"http:\/\/fv-grundschule-niederheide.de\/index.php?rest_route=\/wp\/v2\/pages\/198"}],"collection":[{"href":"http:\/\/fv-grundschule-niederheide.de\/index.php?rest_route=\/wp\/v2\/pages"}],"about":[{"href":"http:\/\/fv-grundschule-niederheide.de\/index.php?rest_route=\/wp\/v2\/types\/page"}],"author":[{"embeddable":true,"href":"http:\/\/fv-grundschule-niederheide.de\/index.php?rest_route=\/wp\/v2\/users\/2"}],"replies":[{"embeddable":true,"href":"http:\/\/fv-grundschule-niederheide.de\/index.php?rest_route=%2Fwp%2Fv2%2Fcomments&post=198"}],"version-history":[{"count":15,"href":"http:\/\/fv-grundschule-niederheide.de\/index.php?rest_route=\/wp\/v2\/pages\/198\/revisions"}],"predecessor-version":[{"id":1365,"href":"http:\/\/fv-grundschule-niederheide.de\/index.php?rest_route=\/wp\/v2\/pages\/198\/revisions\/1365"}],"wp:attachment":[{"href":"http:\/\/fv-grundschule-niederheide.de\/index.php?rest_route=%2Fwp%2Fv2%2Fmedia&parent=198"}],"curies":[{"name":"wp","href":"https:\/\/api.w.org\/{rel}","templated":true}]}}